{"id":671,"date":"2020-11-02T12:04:58","date_gmt":"2020-11-02T12:04:58","guid":{"rendered":"https:\/\/www.micronanotech.ro\/home\/"},"modified":"2021-08-25T12:58:25","modified_gmt":"2021-08-25T09:58:25","slug":"home","status":"publish","type":"page","link":"https:\/\/www.micronanotech.ro\/en\/","title":{"rendered":"Home"},"content":{"rendered":"<div class=\"wpb-content-wrapper\"><p>[vc_row full_width=&#8221;stretch_row&#8221; content_placement=&#8221;middle&#8221; css=&#8221;.vc_custom_1604387990869{background-image: url(https:\/\/www.micronanotech.ro\/wp-content\/uploads\/2020\/11\/home-slider.jpg?id=64) !important;background-position: center !important;background-repeat: no-repeat !important;background-size: cover !important;}&#8221; el_class=&#8221;banner&#8221;][vc_column width=&#8221;5\/6&#8243; offset=&#8221;vc_col-md-7&#8243;][vc_column_text]<\/p>\n<h1>National Center of Micro and Nanomaterials<\/h1>\n<p>[\/vc_column_text][vc_column_text]Our aim is to improve the quality of life and the health and safety of people by creating novel materials with novel functionalities and enhanced properties.<\/p>\n<p><a class=\"button\" href=\"https:\/\/www.micronanotech.ro\/en\/proiecte-in-desfasurare\/\">Our projects<\/a>[\/vc_column_text][\/vc_column][vc_column width=&#8221;1\/6&#8243; offset=&#8221;vc_col-md-5&#8243;][\/vc_column][\/vc_row][vc_row equal_height=&#8221;yes&#8221; content_placement=&#8221;middle&#8221; el_class=&#8221;padding-65&#8243;][vc_column offset=&#8221;vc_col-md-6&#8243;][vc_column_text]<\/p>\n<h4 class=\"custom-heading \">ABOUT US<\/h4>\n<h2>National Center of Micro and Nanomaterials<\/h2>\n<p>[\/vc_column_text][vc_column_text]<strong>CNMN<\/strong> is part of the Department of Science and Engineering of Oxide Materials and Nanomaterials of the Faculty of Applied Chemistry and Materials Science, University POLITEHNICA of Bucharest.<br \/>\nOur proposed research programs aim the development of breakthrough multifunctional materials, nano or microstructured, which combine oxide, organic, polymeric, or metallic materials and have pre-established properties.<br \/>\nThe proposed research activity is comprehensive by including the synthesis, processing, characterization, modeling, and validation of the novel multifunctional materials.[\/vc_column_text][vc_column_text]<a class=\"button\" href=\"https:\/\/www.micronanotech.ro\/en\/cnmn\/\">Learn more<br \/>\n<\/a>[\/vc_column_text][\/vc_column][vc_column offset=&#8221;vc_col-md-6&#8243;][vc_single_image image=&#8221;667&#8243; img_size=&#8221;full&#8221; alignment=&#8221;center&#8221;][\/vc_column][\/vc_row][vc_row full_width=&#8221;stretch_row_content_no_spaces&#8221; css=&#8221;.vc_custom_1604403200221{padding-top: 65px !important;padding-bottom: 65px !important;background-color: #f3fbfe !important;}&#8221;][vc_column el_class=&#8221;img-bg&#8221; offset=&#8221;vc_col-md-8&#8243;][\/vc_column][vc_column el_class=&#8221;analize-bg&#8221; offset=&#8221;vc_col-md-4&#8243;][vc_column_text]<\/p>\n<h4 class=\"custom-heading \">LABORATORIES<\/h4>\n<h2>Endowments of the National Center for Micro and Nanomaterials<\/h2>\n<p>[\/vc_column_text][vc_row_inner][vc_column_inner width=&#8221;1\/2&#8243;]<div class=\"porto-image-frame \"><div class=\"thumb-info thumb-info-hide-wrapper-bg\"><a href=\"https:\/\/www.micronanotech.ro\/en\/micro-and-nanomaterial-characterization-laboratories\/\" title=\"\" target=\"_self\"><span class=\"thumb-info-wrapper\"><img loading=\"lazy\" decoding=\"async\" alt=\"\" src=\"\/\/www.micronanotech.ro\/wp-content\/uploads\/2020\/11\/FTIR.jpg\" class=\"img-responsive\" width=\"364\" height=\"336\"><span class=\"thumb-info-title\"><span class=\"thumb-info-inner\">Micro and nanomaterial characterization laboratories<em><\/em><\/span><\/span><\/span><\/a><\/div><\/div>[\/vc_column_inner][vc_column_inner width=&#8221;1\/2&#8243;]<div class=\"porto-image-frame \"><div class=\"thumb-info thumb-info-hide-wrapper-bg\"><a href=\"https:\/\/www.micronanotech.ro\/en\/micro-and-nanomaterial-processing-laboratories\/\" title=\"\" target=\"_self\"><span class=\"thumb-info-wrapper\"><img loading=\"lazy\" decoding=\"async\" alt=\"\" src=\"\/\/www.micronanotech.ro\/wp-content\/uploads\/2021\/08\/laborator2.jpg\" class=\"img-responsive\" width=\"364\" height=\"336\"><span class=\"thumb-info-title\"><span class=\"thumb-info-inner\">Micro and nanomaterial processing laboratories<em><\/em><\/span><\/span><\/span><\/a><\/div><\/div>[\/vc_column_inner][\/vc_row_inner][\/vc_column][\/vc_row][vc_row full_width=&#8221;stretch_row&#8221; css=&#8221;.vc_custom_1604491425822{background-image: url(https:\/\/www.micronanotech.ro\/wp-content\/uploads\/2020\/11\/bg-proiect-1.jpg?id=234) !important;background-position: center !important;background-repeat: no-repeat !important;background-size: cover !important;}&#8221;][vc_column offset=&#8221;vc_col-md-6&#8243;][vc_column_text]<\/p>\n<h2>Ongoing projects<\/h2>\n<p>[\/vc_column_text][vc_basic_grid post_type=&#8221;post&#8221; max_items=&#8221;1&#8243; element_width=&#8221;12&#8243; item=&#8221;164&#8243; grid_id=&#8221;vc_gid:1629885448943-7ccede81-ef60-8&#8243; taxonomies=&#8221;21&#8243;][\/vc_column][vc_column offset=&#8221;vc_col-md-6&#8243;][\/vc_column][\/vc_row][vc_row full_width=&#8221;stretch_row&#8221; content_placement=&#8221;middle&#8221; el_class=&#8221;cta&#8221; css=&#8221;.vc_custom_1604395911134{margin-bottom: -40px !important;background-image: url(https:\/\/www.micronanotech.ro\/wp-content\/uploads\/2020\/11\/bg-5.jpg?id=96) !important;background-position: center !important;background-repeat: no-repeat !important;background-size: cover !important;}&#8221;][vc_column offset=&#8221;vc_col-md-2&#8243;][\/vc_column][vc_column offset=&#8221;vc_col-md-8&#8243;][vc_column_text el_class=&#8221;white&#8221;]<\/p>\n<h2 style=\"text-align: center;\">We are here to help<\/h2>\n<p>[\/vc_column_text][vc_row_inner][vc_column_inner width=&#8221;1\/2&#8243;]<a aria-label=\"Telephone number\" class=\"porto-sicon-box-link\" href=\"tel:0214029758\"><div class=\"porto-sicon-box info-cta  wpb_custom_2369437ad87631a2919b265a54371680 style_1 left-icon\"><div class=\"porto-sicon-left\"><div class=\"porto-just-icon-wrapper porto-sicon-img  porto-icon-9f5d1cfb45d27d96b50bf473aebba227\" style=\"font-size: 48px;\"><img loading=\"lazy\" decoding=\"async\" class=\"img-icon\" alt=\"\" src=\"https:\/\/www.micronanotech.ro\/wp-content\/uploads\/2020\/11\/call.png\" width=\"128\" height=\"128\" \/><\/div><\/div><div class=\"porto-sicon-body\"><div class=\"porto-sicon-header\"><h3 class=\"porto-sicon-title\" style=\"font-weight:700;font-size:18px;color:#1ab7ea;line-height:24px;\">Telephone number<\/h3><p style=\"font-size:24px;line-height:32px;color:#222222;\">021.402.97.58<\/p><\/div> <!-- header --><\/div><\/div><!-- porto-sicon-box --><\/a>[\/vc_column_inner][vc_column_inner width=&#8221;1\/2&#8243;]<a aria-label=\"E-mail address\" class=\"porto-sicon-box-link\" href=\"mailto:cnmn@upb.ro\"><div class=\"porto-sicon-box info-cta  wpb_custom_2369437ad87631a2919b265a54371680 style_1 left-icon\"><div class=\"porto-sicon-left\"><div class=\"porto-just-icon-wrapper porto-sicon-img  porto-icon-9f5d1cfb45d27d96b50bf473aebba227\" style=\"font-size: 48px;\"><img loading=\"lazy\" decoding=\"async\" class=\"img-icon\" alt=\"\" src=\"https:\/\/www.micronanotech.ro\/wp-content\/uploads\/2020\/11\/email.png\" width=\"128\" height=\"128\" \/><\/div><\/div><div class=\"porto-sicon-body\"><div class=\"porto-sicon-header\"><h3 class=\"porto-sicon-title\" style=\"font-weight:700;font-size:18px;color:#1ab7ea;line-height:24px;\">E-mail address<\/h3><p style=\"font-size:24px;line-height:32px;color:#222222;\">cnmn@upb.ro<\/p><\/div> <!-- header --><\/div><\/div><!-- porto-sicon-box --><\/a>[\/vc_column_inner][\/vc_row_inner][vc_column_text css=&#8221;.vc_custom_1609849890172{padding-top: 35px !important;}&#8221; el_class=&#8221;white&#8221;]For additional information, please contact us at 021.402.97.58 telephone number or write an e-mail at cnmn@upb.ro[\/vc_column_text][\/vc_column][vc_column offset=&#8221;vc_col-md-2&#8243;][\/vc_column][\/vc_row]<\/p>\n<\/div>","protected":false},"excerpt":{"rendered":"<p>[vc_row full_width=&#8221;stretch_row&#8221; content_placement=&#8221;middle&#8221; css=&#8221;.vc_custom_1604387990869{background-image: url(https:\/\/www.micronanotech.ro\/wp-content\/uploads\/2020\/11\/home-slider.jpg?id=64) !important;background-position: center !important;background-repeat: no-repeat !important;background-size: cover !important;}&#8221; el_class=&#8221;banner&#8221;][vc_column width=&#8221;5\/6&#8243; offset=&#8221;vc_col-md-7&#8243;][vc_column_text] National Center of Micro and Nanomaterials [\/vc_column_text][vc_column_text]Our aim is to improve the quality of life and the health and safety of people by creating novel materials with novel functionalities and enhanced properties. Our projects[\/vc_column_text][\/vc_column][vc_column width=&#8221;1\/6&#8243; offset=&#8221;vc_col-md-5&#8243;][\/vc_column][\/vc_row][vc_row equal_height=&#8221;yes&#8221; content_placement=&#8221;middle&#8221; el_class=&#8221;padding-65&#8243;][vc_column offset=&#8221;vc_col-md-6&#8243;][vc_column_text] [&hellip;]<\/p>\n","protected":false},"author":3,"featured_media":0,"parent":0,"menu_order":0,"comment_status":"closed","ping_status":"closed","template":"","meta":{"footnotes":""},"class_list":["post-671","page","type-page","status-publish","hentry"],"yoast_head":"<!-- This site is optimized with the Yoast SEO plugin v27.4 - https:\/\/yoast.com\/product\/yoast-seo-wordpress\/ -->\n<title>Home - Micronanotech.ro<\/title>\n<meta name=\"description\" content=\"Dorim s\u0103 cre\u0219tem calitatea vie\u0163ii, s\u0103 \u00eembun\u0103t\u0103\u0163m starea de s\u0103n\u0103tate \u0219i siguran\u0163a oamenilor prin crearea de noi materiale, cu noi func\u0163ionalit\u0103\u0163i sau propriet\u0103\u0163i \u00eembun\u0103t\u0103\u0163ite - Vezi proiectele noastre\" \/>\n<meta name=\"robots\" content=\"index, follow, max-snippet:-1, max-image-preview:large, max-video-preview:-1\" \/>\n<link rel=\"canonical\" href=\"https:\/\/www.micronanotech.ro\/en\/\" \/>\n<meta property=\"og:locale\" content=\"en_US\" \/>\n<meta property=\"og:type\" content=\"article\" \/>\n<meta property=\"og:title\" content=\"Home - Micronanotech.ro\" \/>\n<meta property=\"og:description\" content=\"Dorim s\u0103 cre\u0219tem calitatea vie\u0163ii, s\u0103 \u00eembun\u0103t\u0103\u0163m starea de s\u0103n\u0103tate \u0219i siguran\u0163a oamenilor prin crearea de noi materiale, cu noi func\u0163ionalit\u0103\u0163i sau propriet\u0103\u0163i \u00eembun\u0103t\u0103\u0163ite - Vezi proiectele noastre\" \/>\n<meta property=\"og:url\" content=\"https:\/\/www.micronanotech.ro\/en\/\" \/>\n<meta property=\"og:site_name\" content=\"Micronanotech\" \/>\n<meta property=\"article:modified_time\" content=\"2021-08-25T09:58:25+00:00\" \/>\n<meta property=\"og:image\" content=\"https:\/\/www.micronanotech.ro\/wp-content\/uploads\/2020\/11\/research-pic-large.jpg\" \/>\n\t<meta property=\"og:image:width\" content=\"1360\" \/>\n\t<meta property=\"og:image:height\" content=\"907\" \/>\n\t<meta property=\"og:image:type\" content=\"image\/jpeg\" \/>\n<meta name=\"twitter:card\" content=\"summary_large_image\" \/>\n<meta name=\"twitter:label1\" content=\"Est. reading time\" \/>\n\t<meta name=\"twitter:data1\" content=\"2 minutes\" \/>\n<script type=\"application\/ld+json\" class=\"yoast-schema-graph\">{\"@context\":\"https:\\\/\\\/schema.org\",\"@graph\":[{\"@type\":\"WebPage\",\"@id\":\"https:\\\/\\\/www.micronanotech.ro\\\/en\\\/\",\"url\":\"https:\\\/\\\/www.micronanotech.ro\\\/en\\\/\",\"name\":\"Home - Micronanotech.ro\",\"isPartOf\":{\"@id\":\"https:\\\/\\\/www.micronanotech.ro\\\/#website\"},\"datePublished\":\"2020-11-02T12:04:58+00:00\",\"dateModified\":\"2021-08-25T09:58:25+00:00\",\"description\":\"Dorim s\u0103 cre\u0219tem calitatea vie\u0163ii, s\u0103 \u00eembun\u0103t\u0103\u0163m starea de s\u0103n\u0103tate \u0219i siguran\u0163a oamenilor prin crearea de noi materiale, cu noi func\u0163ionalit\u0103\u0163i sau propriet\u0103\u0163i \u00eembun\u0103t\u0103\u0163ite - Vezi proiectele noastre\",\"breadcrumb\":{\"@id\":\"https:\\\/\\\/www.micronanotech.ro\\\/en\\\/#breadcrumb\"},\"inLanguage\":\"en-US\",\"potentialAction\":[{\"@type\":\"ReadAction\",\"target\":[\"https:\\\/\\\/www.micronanotech.ro\\\/en\\\/\"]}]},{\"@type\":\"BreadcrumbList\",\"@id\":\"https:\\\/\\\/www.micronanotech.ro\\\/en\\\/#breadcrumb\",\"itemListElement\":[{\"@type\":\"ListItem\",\"position\":1,\"name\":\"Prima pagin\u0103\",\"item\":\"https:\\\/\\\/www.micronanotech.ro\\\/en\\\/\"},{\"@type\":\"ListItem\",\"position\":2,\"name\":\"Home\"}]},{\"@type\":\"WebSite\",\"@id\":\"https:\\\/\\\/www.micronanotech.ro\\\/#website\",\"url\":\"https:\\\/\\\/www.micronanotech.ro\\\/\",\"name\":\"Micronanotech\",\"description\":\"Centrul National de Micro si Nanomateriale\",\"publisher\":{\"@id\":\"https:\\\/\\\/www.micronanotech.ro\\\/#organization\"},\"potentialAction\":[{\"@type\":\"SearchAction\",\"target\":{\"@type\":\"EntryPoint\",\"urlTemplate\":\"https:\\\/\\\/www.micronanotech.ro\\\/?s={search_term_string}\"},\"query-input\":{\"@type\":\"PropertyValueSpecification\",\"valueRequired\":true,\"valueName\":\"search_term_string\"}}],\"inLanguage\":\"en-US\"},{\"@type\":\"Organization\",\"@id\":\"https:\\\/\\\/www.micronanotech.ro\\\/#organization\",\"name\":\"Micronanotech\",\"url\":\"https:\\\/\\\/www.micronanotech.ro\\\/\",\"logo\":{\"@type\":\"ImageObject\",\"inLanguage\":\"en-US\",\"@id\":\"https:\\\/\\\/www.micronanotech.ro\\\/#\\\/schema\\\/logo\\\/image\\\/\",\"url\":\"https:\\\/\\\/www.micronanotech.ro\\\/wp-content\\\/uploads\\\/2020\\\/11\\\/logo-micro.png\",\"contentUrl\":\"https:\\\/\\\/www.micronanotech.ro\\\/wp-content\\\/uploads\\\/2020\\\/11\\\/logo-micro.png\",\"width\":274,\"height\":43,\"caption\":\"Micronanotech\"},\"image\":{\"@id\":\"https:\\\/\\\/www.micronanotech.ro\\\/#\\\/schema\\\/logo\\\/image\\\/\"}}]}<\/script>\n<!-- \/ Yoast SEO plugin. -->","yoast_head_json":{"title":"Home - Micronanotech.ro","description":"Dorim s\u0103 cre\u0219tem calitatea vie\u0163ii, s\u0103 \u00eembun\u0103t\u0103\u0163m starea de s\u0103n\u0103tate \u0219i siguran\u0163a oamenilor prin crearea de noi materiale, cu noi func\u0163ionalit\u0103\u0163i sau propriet\u0103\u0163i \u00eembun\u0103t\u0103\u0163ite - Vezi proiectele noastre","robots":{"index":"index","follow":"follow","max-snippet":"max-snippet:-1","max-image-preview":"max-image-preview:large","max-video-preview":"max-video-preview:-1"},"canonical":"https:\/\/www.micronanotech.ro\/en\/","og_locale":"en_US","og_type":"article","og_title":"Home - Micronanotech.ro","og_description":"Dorim s\u0103 cre\u0219tem calitatea vie\u0163ii, s\u0103 \u00eembun\u0103t\u0103\u0163m starea de s\u0103n\u0103tate \u0219i siguran\u0163a oamenilor prin crearea de noi materiale, cu noi func\u0163ionalit\u0103\u0163i sau propriet\u0103\u0163i \u00eembun\u0103t\u0103\u0163ite - Vezi proiectele noastre","og_url":"https:\/\/www.micronanotech.ro\/en\/","og_site_name":"Micronanotech","article_modified_time":"2021-08-25T09:58:25+00:00","og_image":[{"width":1360,"height":907,"url":"https:\/\/www.micronanotech.ro\/wp-content\/uploads\/2020\/11\/research-pic-large.jpg","type":"image\/jpeg"}],"twitter_card":"summary_large_image","twitter_misc":{"Est. reading time":"2 minutes"},"schema":{"@context":"https:\/\/schema.org","@graph":[{"@type":"WebPage","@id":"https:\/\/www.micronanotech.ro\/en\/","url":"https:\/\/www.micronanotech.ro\/en\/","name":"Home - Micronanotech.ro","isPartOf":{"@id":"https:\/\/www.micronanotech.ro\/#website"},"datePublished":"2020-11-02T12:04:58+00:00","dateModified":"2021-08-25T09:58:25+00:00","description":"Dorim s\u0103 cre\u0219tem calitatea vie\u0163ii, s\u0103 \u00eembun\u0103t\u0103\u0163m starea de s\u0103n\u0103tate \u0219i siguran\u0163a oamenilor prin crearea de noi materiale, cu noi func\u0163ionalit\u0103\u0163i sau propriet\u0103\u0163i \u00eembun\u0103t\u0103\u0163ite - Vezi proiectele noastre","breadcrumb":{"@id":"https:\/\/www.micronanotech.ro\/en\/#breadcrumb"},"inLanguage":"en-US","potentialAction":[{"@type":"ReadAction","target":["https:\/\/www.micronanotech.ro\/en\/"]}]},{"@type":"BreadcrumbList","@id":"https:\/\/www.micronanotech.ro\/en\/#breadcrumb","itemListElement":[{"@type":"ListItem","position":1,"name":"Prima pagin\u0103","item":"https:\/\/www.micronanotech.ro\/en\/"},{"@type":"ListItem","position":2,"name":"Home"}]},{"@type":"WebSite","@id":"https:\/\/www.micronanotech.ro\/#website","url":"https:\/\/www.micronanotech.ro\/","name":"Micronanotech","description":"Centrul National de Micro si Nanomateriale","publisher":{"@id":"https:\/\/www.micronanotech.ro\/#organization"},"potentialAction":[{"@type":"SearchAction","target":{"@type":"EntryPoint","urlTemplate":"https:\/\/www.micronanotech.ro\/?s={search_term_string}"},"query-input":{"@type":"PropertyValueSpecification","valueRequired":true,"valueName":"search_term_string"}}],"inLanguage":"en-US"},{"@type":"Organization","@id":"https:\/\/www.micronanotech.ro\/#organization","name":"Micronanotech","url":"https:\/\/www.micronanotech.ro\/","logo":{"@type":"ImageObject","inLanguage":"en-US","@id":"https:\/\/www.micronanotech.ro\/#\/schema\/logo\/image\/","url":"https:\/\/www.micronanotech.ro\/wp-content\/uploads\/2020\/11\/logo-micro.png","contentUrl":"https:\/\/www.micronanotech.ro\/wp-content\/uploads\/2020\/11\/logo-micro.png","width":274,"height":43,"caption":"Micronanotech"},"image":{"@id":"https:\/\/www.micronanotech.ro\/#\/schema\/logo\/image\/"}}]}},"_links":{"self":[{"href":"https:\/\/www.micronanotech.ro\/en\/wp-json\/wp\/v2\/pages\/671","targetHints":{"allow":["GET"]}}],"collection":[{"href":"https:\/\/www.micronanotech.ro\/en\/wp-json\/wp\/v2\/pages"}],"about":[{"href":"https:\/\/www.micronanotech.ro\/en\/wp-json\/wp\/v2\/types\/page"}],"author":[{"embeddable":true,"href":"https:\/\/www.micronanotech.ro\/en\/wp-json\/wp\/v2\/users\/3"}],"replies":[{"embeddable":true,"href":"https:\/\/www.micronanotech.ro\/en\/wp-json\/wp\/v2\/comments?post=671"}],"version-history":[{"count":9,"href":"https:\/\/www.micronanotech.ro\/en\/wp-json\/wp\/v2\/pages\/671\/revisions"}],"predecessor-version":[{"id":1035,"href":"https:\/\/www.micronanotech.ro\/en\/wp-json\/wp\/v2\/pages\/671\/revisions\/1035"}],"wp:attachment":[{"href":"https:\/\/www.micronanotech.ro\/en\/wp-json\/wp\/v2\/media?parent=671"}],"curies":[{"name":"wp","href":"https:\/\/api.w.org\/{rel}","templated":true}]}}