{"id":677,"date":"2020-11-02T13:41:17","date_gmt":"2020-11-02T13:41:17","guid":{"rendered":"https:\/\/www.micronanotech.ro\/cnmn\/"},"modified":"2021-01-05T12:39:09","modified_gmt":"2021-01-05T12:39:09","slug":"cnmn","status":"publish","type":"page","link":"https:\/\/www.micronanotech.ro\/en\/cnmn\/","title":{"rendered":"CNMN"},"content":{"rendered":"<div class=\"wpb-content-wrapper\"><p>[vc_row equal_height=&#8221;yes&#8221; content_placement=&#8221;middle&#8221; el_class=&#8221;padding-65&#8243;][vc_column offset=&#8221;vc_col-md-6&#8243;][vc_column_text]<\/p>\n<h4 class=\"custom-heading \">ABOUT US<\/h4>\n<h2>A short presentation of the CNMN research activity<\/h2>\n<p>[\/vc_column_text][vc_column_text]The improvement of the life quality and the health and safety of people and the industrial development of novel products and technologies \u2013 they all have the fabrication of novel materials with novel functionalities and improved properties as a starting point.<br \/>\nThis aim is served by the research activity of the teams working within the National Center of Micro and Nanomaterials (which is part of the Department of Science and Engineering of Oxide Materials and Nanomaterials of the Faculty of Applied Chemistry and Materials Science, University POLITEHNICA of Bucharest), as the proposed research programs are<br \/>\nfocusing on the development of breakthrough multifunctional materials, nano or microstructured, which combine oxide, organic, polymeric, or metallic materials and have pre-established properties.<br \/>\nThe proposed research activity is comprehensive by including the synthesis, processing, characterization, modeling, and validation of the novel multifunctional materials.[\/vc_column_text][\/vc_column][vc_column offset=&#8221;vc_col-md-6&#8243;][vc_single_image image=&#8221;667&#8243; img_size=&#8221;full&#8221; alignment=&#8221;center&#8221;][\/vc_column][\/vc_row][vc_row full_width=&#8221;stretch_row_content_no_spaces&#8221; css=&#8221;.vc_custom_1604484759062{margin-bottom: -40px !important;padding-top: 65px !important;padding-bottom: 65px !important;background-color: #f3fbfe !important;}&#8221;][vc_column el_class=&#8221;img-bg&#8221; offset=&#8221;vc_col-md-8&#8243;][\/vc_column][vc_column el_class=&#8221;analize-bg&#8221; offset=&#8221;vc_col-md-4&#8243;][vc_column_text]<\/p>\n<h4 class=\"custom-heading \">RESEARCH DIRECTIONS<\/h4>\n<h2>The main research directions aimed include:<\/h2>\n<p>[\/vc_column_text][vc_row_inner][vc_column_inner width=&#8221;1\/2&#8243;][vc_column_text]<\/p>\n<ul class=\"lista\">\n<li>\u00a0modern oxide nanopowders synthesis methods;<\/li>\n<li>\u00a0synthesis and characterization of nanostructured oxide, polymeric, and composite biomaterials;<\/li>\n<li>nanostructured ceramics with high-performance thermomechanical and electric properties;<\/li>\n<li>oxide nanopowders, nanocrystalline ceramics, and nanostructured films with photoelectric properties;<\/li>\n<li>eco-friendly ceramic materials with high-performance electric properties;<\/li>\n<li>micro and nanostructured multiferroic ceramic and composite materials with magnetoelectric coupling;<\/li>\n<li>synthesis and properties of aromatic carbonyl-metal complexes;<\/li>\n<li>carbon nanocomposite systems;<\/li>\n<\/ul>\n<p>[\/vc_column_text][\/vc_column_inner][vc_column_inner width=&#8221;1\/2&#8243;][vc_column_text]<\/p>\n<ul class=\"lista\">\n<li>synthesis and characterization of nanocomposites reinforced with stratified silicates and carbon nanotubes;<\/li>\n<li>electrically conductive micro and nanopolymers for electronic applications;<\/li>\n<li>micro and nanostructural analysis and characterization of metallic and non-metallic materials;<\/li>\n<li>characterization of novel nanostructured materials, carbon nanotubes, nanocrystals, and nanoparticles;<\/li>\n<li>biological structures and cells investigations;<\/li>\n<li>multifunctional materials with functional gradients.<\/li>\n<\/ul>\n<p>[\/vc_column_text][\/vc_column_inner][\/vc_row_inner][\/vc_column][\/vc_row]<\/p>\n<\/div>","protected":false},"excerpt":{"rendered":"<p>[vc_row equal_height=&#8221;yes&#8221; content_placement=&#8221;middle&#8221; el_class=&#8221;padding-65&#8243;][vc_column offset=&#8221;vc_col-md-6&#8243;][vc_column_text] ABOUT US A short presentation of the CNMN research activity [\/vc_column_text][vc_column_text]The improvement of the life quality and the health and safety of people and the industrial development of novel products and technologies \u2013 they all have the fabrication of novel materials with novel functionalities and improved properties as a starting [&hellip;]<\/p>\n","protected":false},"author":3,"featured_media":0,"parent":0,"menu_order":0,"comment_status":"closed","ping_status":"closed","template":"","meta":{"footnotes":""},"class_list":["post-677","page","type-page","status-publish","hentry"],"yoast_head":"<!-- This site is optimized with the Yoast SEO plugin v27.4 - https:\/\/yoast.com\/product\/yoast-seo-wordpress\/ -->\n<title>Despre noi - CNMN Micronanotech.ro<\/title>\n<meta name=\"description\" content=\"Scurt\u0103 prezentare a activit\u0103\u0163ii de cercetare a CNMN | Principalele direc\u021bii de cercetare avute \u00een vedere sunt...\" \/>\n<meta name=\"robots\" content=\"index, follow, max-snippet:-1, max-image-preview:large, max-video-preview:-1\" \/>\n<link rel=\"canonical\" href=\"https:\/\/www.micronanotech.ro\/en\/cnmn\/\" \/>\n<meta property=\"og:locale\" content=\"en_US\" \/>\n<meta property=\"og:type\" content=\"article\" \/>\n<meta property=\"og:title\" content=\"Despre noi - CNMN Micronanotech.ro\" \/>\n<meta property=\"og:description\" content=\"Scurt\u0103 prezentare a activit\u0103\u0163ii de cercetare a CNMN | Principalele direc\u021bii de cercetare avute \u00een vedere sunt...\" \/>\n<meta property=\"og:url\" content=\"https:\/\/www.micronanotech.ro\/en\/cnmn\/\" \/>\n<meta property=\"og:site_name\" content=\"Micronanotech\" \/>\n<meta property=\"article:modified_time\" content=\"2021-01-05T12:39:09+00:00\" \/>\n<meta property=\"og:image\" content=\"https:\/\/www.micronanotech.ro\/wp-content\/uploads\/2020\/11\/research-pic-large.jpg\" \/>\n\t<meta property=\"og:image:width\" content=\"1360\" \/>\n\t<meta property=\"og:image:height\" content=\"907\" \/>\n\t<meta property=\"og:image:type\" content=\"image\/jpeg\" \/>\n<meta name=\"twitter:card\" content=\"summary_large_image\" \/>\n<meta name=\"twitter:label1\" content=\"Est. reading time\" \/>\n\t<meta name=\"twitter:data1\" content=\"2 minutes\" \/>\n<script type=\"application\/ld+json\" class=\"yoast-schema-graph\">{\"@context\":\"https:\\\/\\\/schema.org\",\"@graph\":[{\"@type\":\"WebPage\",\"@id\":\"https:\\\/\\\/www.micronanotech.ro\\\/en\\\/cnmn\\\/\",\"url\":\"https:\\\/\\\/www.micronanotech.ro\\\/en\\\/cnmn\\\/\",\"name\":\"Despre noi - CNMN Micronanotech.ro\",\"isPartOf\":{\"@id\":\"https:\\\/\\\/www.micronanotech.ro\\\/#website\"},\"datePublished\":\"2020-11-02T13:41:17+00:00\",\"dateModified\":\"2021-01-05T12:39:09+00:00\",\"description\":\"Scurt\u0103 prezentare a activit\u0103\u0163ii de cercetare a CNMN | Principalele direc\u021bii de cercetare avute \u00een vedere sunt...\",\"breadcrumb\":{\"@id\":\"https:\\\/\\\/www.micronanotech.ro\\\/en\\\/cnmn\\\/#breadcrumb\"},\"inLanguage\":\"en-US\",\"potentialAction\":[{\"@type\":\"ReadAction\",\"target\":[\"https:\\\/\\\/www.micronanotech.ro\\\/en\\\/cnmn\\\/\"]}]},{\"@type\":\"BreadcrumbList\",\"@id\":\"https:\\\/\\\/www.micronanotech.ro\\\/en\\\/cnmn\\\/#breadcrumb\",\"itemListElement\":[{\"@type\":\"ListItem\",\"position\":1,\"name\":\"Prima pagin\u0103\",\"item\":\"https:\\\/\\\/www.micronanotech.ro\\\/en\\\/\"},{\"@type\":\"ListItem\",\"position\":2,\"name\":\"CNMN\"}]},{\"@type\":\"WebSite\",\"@id\":\"https:\\\/\\\/www.micronanotech.ro\\\/#website\",\"url\":\"https:\\\/\\\/www.micronanotech.ro\\\/\",\"name\":\"Micronanotech\",\"description\":\"Centrul National de Micro si Nanomateriale\",\"publisher\":{\"@id\":\"https:\\\/\\\/www.micronanotech.ro\\\/#organization\"},\"potentialAction\":[{\"@type\":\"SearchAction\",\"target\":{\"@type\":\"EntryPoint\",\"urlTemplate\":\"https:\\\/\\\/www.micronanotech.ro\\\/?s={search_term_string}\"},\"query-input\":{\"@type\":\"PropertyValueSpecification\",\"valueRequired\":true,\"valueName\":\"search_term_string\"}}],\"inLanguage\":\"en-US\"},{\"@type\":\"Organization\",\"@id\":\"https:\\\/\\\/www.micronanotech.ro\\\/#organization\",\"name\":\"Micronanotech\",\"url\":\"https:\\\/\\\/www.micronanotech.ro\\\/\",\"logo\":{\"@type\":\"ImageObject\",\"inLanguage\":\"en-US\",\"@id\":\"https:\\\/\\\/www.micronanotech.ro\\\/#\\\/schema\\\/logo\\\/image\\\/\",\"url\":\"https:\\\/\\\/www.micronanotech.ro\\\/wp-content\\\/uploads\\\/2020\\\/11\\\/logo-micro.png\",\"contentUrl\":\"https:\\\/\\\/www.micronanotech.ro\\\/wp-content\\\/uploads\\\/2020\\\/11\\\/logo-micro.png\",\"width\":274,\"height\":43,\"caption\":\"Micronanotech\"},\"image\":{\"@id\":\"https:\\\/\\\/www.micronanotech.ro\\\/#\\\/schema\\\/logo\\\/image\\\/\"}}]}<\/script>\n<!-- \/ Yoast SEO plugin. -->","yoast_head_json":{"title":"Despre noi - CNMN Micronanotech.ro","description":"Scurt\u0103 prezentare a activit\u0103\u0163ii de cercetare a CNMN | Principalele direc\u021bii de cercetare avute \u00een vedere sunt...","robots":{"index":"index","follow":"follow","max-snippet":"max-snippet:-1","max-image-preview":"max-image-preview:large","max-video-preview":"max-video-preview:-1"},"canonical":"https:\/\/www.micronanotech.ro\/en\/cnmn\/","og_locale":"en_US","og_type":"article","og_title":"Despre noi - CNMN Micronanotech.ro","og_description":"Scurt\u0103 prezentare a activit\u0103\u0163ii de cercetare a CNMN | Principalele direc\u021bii de cercetare avute \u00een vedere sunt...","og_url":"https:\/\/www.micronanotech.ro\/en\/cnmn\/","og_site_name":"Micronanotech","article_modified_time":"2021-01-05T12:39:09+00:00","og_image":[{"width":1360,"height":907,"url":"https:\/\/www.micronanotech.ro\/wp-content\/uploads\/2020\/11\/research-pic-large.jpg","type":"image\/jpeg"}],"twitter_card":"summary_large_image","twitter_misc":{"Est. reading time":"2 minutes"},"schema":{"@context":"https:\/\/schema.org","@graph":[{"@type":"WebPage","@id":"https:\/\/www.micronanotech.ro\/en\/cnmn\/","url":"https:\/\/www.micronanotech.ro\/en\/cnmn\/","name":"Despre noi - CNMN Micronanotech.ro","isPartOf":{"@id":"https:\/\/www.micronanotech.ro\/#website"},"datePublished":"2020-11-02T13:41:17+00:00","dateModified":"2021-01-05T12:39:09+00:00","description":"Scurt\u0103 prezentare a activit\u0103\u0163ii de cercetare a CNMN | Principalele direc\u021bii de cercetare avute \u00een vedere sunt...","breadcrumb":{"@id":"https:\/\/www.micronanotech.ro\/en\/cnmn\/#breadcrumb"},"inLanguage":"en-US","potentialAction":[{"@type":"ReadAction","target":["https:\/\/www.micronanotech.ro\/en\/cnmn\/"]}]},{"@type":"BreadcrumbList","@id":"https:\/\/www.micronanotech.ro\/en\/cnmn\/#breadcrumb","itemListElement":[{"@type":"ListItem","position":1,"name":"Prima pagin\u0103","item":"https:\/\/www.micronanotech.ro\/en\/"},{"@type":"ListItem","position":2,"name":"CNMN"}]},{"@type":"WebSite","@id":"https:\/\/www.micronanotech.ro\/#website","url":"https:\/\/www.micronanotech.ro\/","name":"Micronanotech","description":"Centrul National de Micro si Nanomateriale","publisher":{"@id":"https:\/\/www.micronanotech.ro\/#organization"},"potentialAction":[{"@type":"SearchAction","target":{"@type":"EntryPoint","urlTemplate":"https:\/\/www.micronanotech.ro\/?s={search_term_string}"},"query-input":{"@type":"PropertyValueSpecification","valueRequired":true,"valueName":"search_term_string"}}],"inLanguage":"en-US"},{"@type":"Organization","@id":"https:\/\/www.micronanotech.ro\/#organization","name":"Micronanotech","url":"https:\/\/www.micronanotech.ro\/","logo":{"@type":"ImageObject","inLanguage":"en-US","@id":"https:\/\/www.micronanotech.ro\/#\/schema\/logo\/image\/","url":"https:\/\/www.micronanotech.ro\/wp-content\/uploads\/2020\/11\/logo-micro.png","contentUrl":"https:\/\/www.micronanotech.ro\/wp-content\/uploads\/2020\/11\/logo-micro.png","width":274,"height":43,"caption":"Micronanotech"},"image":{"@id":"https:\/\/www.micronanotech.ro\/#\/schema\/logo\/image\/"}}]}},"_links":{"self":[{"href":"https:\/\/www.micronanotech.ro\/en\/wp-json\/wp\/v2\/pages\/677","targetHints":{"allow":["GET"]}}],"collection":[{"href":"https:\/\/www.micronanotech.ro\/en\/wp-json\/wp\/v2\/pages"}],"about":[{"href":"https:\/\/www.micronanotech.ro\/en\/wp-json\/wp\/v2\/types\/page"}],"author":[{"embeddable":true,"href":"https:\/\/www.micronanotech.ro\/en\/wp-json\/wp\/v2\/users\/3"}],"replies":[{"embeddable":true,"href":"https:\/\/www.micronanotech.ro\/en\/wp-json\/wp\/v2\/comments?post=677"}],"version-history":[{"count":3,"href":"https:\/\/www.micronanotech.ro\/en\/wp-json\/wp\/v2\/pages\/677\/revisions"}],"predecessor-version":[{"id":680,"href":"https:\/\/www.micronanotech.ro\/en\/wp-json\/wp\/v2\/pages\/677\/revisions\/680"}],"wp:attachment":[{"href":"https:\/\/www.micronanotech.ro\/en\/wp-json\/wp\/v2\/media?parent=677"}],"curies":[{"name":"wp","href":"https:\/\/api.w.org\/{rel}","templated":true}]}}