{"id":785,"date":"2020-11-02T13:25:18","date_gmt":"2020-11-02T13:25:18","guid":{"rendered":"https:\/\/www.micronanotech.ro\/contact\/"},"modified":"2021-01-05T14:24:50","modified_gmt":"2021-01-05T14:24:50","slug":"contact","status":"publish","type":"page","link":"https:\/\/www.micronanotech.ro\/en\/contact\/","title":{"rendered":"Contact"},"content":{"rendered":"<div class=\"wpb-content-wrapper\"><p>[vc_row][vc_column width=&#8221;1\/3&#8243;][vc_column_text]<\/p>\n<h3 style=\"font-size: 1.6em;\"><strong>\u00a0Contact information <\/strong><\/h3>\n<p>[\/vc_column_text]<div class=\"porto-sicon-box  wpb_custom_1efe903570d178ff0a9b7bfa5febd3a4 style_1 left-icon\"><div class=\"porto-sicon-left\"><div class=\"porto-just-icon-wrapper porto-icon none\" style=\"color:#14a7d7;font-size:32px;\"><i class=\"Simple-Line-Icons-phone\"><\/i><\/div><\/div><div class=\"porto-sicon-body\"><div class=\"porto-sicon-description\" style=\"\"><strong>Telephone:<\/strong><br \/>\n+4021.402.97.58<\/div> <!-- description --><\/div><\/div><!-- porto-sicon-box -->[vc_separator color=&#8221;custom&#8221; accent_color=&#8221;#f3fbfe&#8221;]<div class=\"porto-sicon-box  wpb_custom_1efe903570d178ff0a9b7bfa5febd3a4 style_1 left-icon\"><div class=\"porto-sicon-left\"><div class=\"porto-just-icon-wrapper porto-icon none\" style=\"color:#14a7d7;font-size:32px;\"><i class=\"Simple-Line-Icons-printer\"><\/i><\/div><\/div><div class=\"porto-sicon-body\"><div class=\"porto-sicon-description\" style=\"\"><strong>Fax:<\/strong><br \/>\n+4021.402.97.03<\/div> <!-- description --><\/div><\/div><!-- porto-sicon-box -->[vc_separator color=&#8221;custom&#8221; accent_color=&#8221;#f3fbfe&#8221;]<div class=\"porto-sicon-box  wpb_custom_1efe903570d178ff0a9b7bfa5febd3a4 style_1 left-icon\"><div class=\"porto-sicon-left\"><div class=\"porto-just-icon-wrapper porto-icon none\" style=\"color:#14a7d7;font-size:32px;\"><i class=\"Simple-Line-Icons-location-pin\"><\/i><\/div><\/div><div class=\"porto-sicon-body\"><div class=\"porto-sicon-description\" style=\"\"><strong>Address:<br \/>\n<\/strong>Str. Splaiul independen\u0163ei, nr. 313, Bucharest, 060042 Rom\u00e2nia<\/div> <!-- description --><\/div><\/div><!-- porto-sicon-box -->[vc_separator color=&#8221;custom&#8221; accent_color=&#8221;#f3fbfe&#8221;]<div class=\"porto-sicon-box  wpb_custom_1efe903570d178ff0a9b7bfa5febd3a4 style_1 left-icon\"><div class=\"porto-sicon-left\"><div class=\"porto-just-icon-wrapper porto-icon none\" style=\"color:#14a7d7;font-size:32px;\"><i class=\"Simple-Line-Icons-location-pin\"><\/i><\/div><\/div><div class=\"porto-sicon-body\"><div class=\"porto-sicon-description\" style=\"\"><strong>Adress:<br \/>\n<\/strong>Gh. Polizu Street, nr. 1-7, Bucharest, 011061 Rom\u00e2nia<\/div> <!-- description --><\/div><\/div><!-- porto-sicon-box -->[\/vc_column][vc_column width=&#8221;2\/3&#8243; el_class=&#8221;contact-form&#8221;][vc_column_text]<\/p>\n<h4 class=\"custom-heading \" style=\"text-align: center;\">CONTACT US<\/h4>\n<h2 style=\"text-align: center;\">Contact form<\/h2>\n<p>[\/vc_column_text][vc_column_text]<div class=\"forminator-ui forminator-custom-form forminator-custom-form-789 forminator-design--flat  forminator_ajax\" data-forminator-render=\"0\" data-form=\"forminator-module-789\" data-uid=\"69f5185430554\"><br\/><\/div><form\n\t\t\t\tid=\"forminator-module-789\"\n\t\t\t\tclass=\"forminator-ui forminator-custom-form forminator-custom-form-789 forminator-design--flat  forminator_ajax\"\n\t\t\t\tmethod=\"post\"\n\t\t\t\tdata-forminator-render=\"0\"\n\t\t\t\tdata-form-id=\"789\"\n\t\t\t\t data-color-option=\"default\" data-design=\"flat\" data-grid=\"open\" style=\"display: none;\"\n\t\t\t\tdata-uid=\"69f5185430554\"\n\t\t\t><div role=\"alert\" aria-live=\"polite\" class=\"forminator-response-message forminator-error\" aria-hidden=\"true\"><\/div><div class=\"forminator-row\"><div id=\"name-2\" class=\"forminator-field-name forminator-col forminator-col-6 \"><div class=\"forminator-field\"><input type=\"text\" name=\"name-2\" value=\"\" placeholder=\"Last name\" id=\"forminator-field-name-2_69f5185430554\" class=\"forminator-input forminator-name--field\" aria-required=\"true\" autocomplete=\"name\" \/><\/div><\/div><div id=\"name-1\" class=\"forminator-field-name forminator-col forminator-col-6 \"><div class=\"forminator-field\"><input type=\"text\" name=\"name-1\" value=\"\" placeholder=\"First name\" id=\"forminator-field-name-1_69f5185430554\" class=\"forminator-input forminator-name--field\" aria-required=\"true\" autocomplete=\"name\" \/><\/div><\/div><\/div><div class=\"forminator-row\"><div id=\"email-1\" class=\"forminator-field-email forminator-col forminator-col-6 \"><div class=\"forminator-field\"><input type=\"email\" name=\"email-1\" value=\"\" placeholder=\"E-mail\" id=\"forminator-field-email-1_69f5185430554\" class=\"forminator-input forminator-email--field\" data-required=\"true\" aria-required=\"true\" autocomplete=\"email\" \/><\/div><\/div><div id=\"phone-1\" class=\"forminator-field-phone forminator-col forminator-col-6 \"><div class=\"forminator-field\"><input type=\"text\" name=\"phone-1\" value=\"\" placeholder=\"Telephone\" id=\"forminator-field-phone-1_69f5185430554\" class=\"forminator-input forminator-field--phone\" data-required=\"\" aria-required=\"false\" autocomplete=\"off\" \/><\/div><\/div><\/div><div class=\"forminator-row\"><div id=\"textarea-1\" class=\"forminator-field-textarea forminator-col forminator-col-12 \"><div class=\"forminator-field\"><textarea name=\"textarea-1\" placeholder=\"Message\" id=\"forminator-field-textarea-1_69f5185430554\" class=\"forminator-textarea\" rows=\"6\" style=\"--forminator-textarea-min-height:140px;\" maxlength=\"180\" ><\/textarea><span id=\"forminator-field-textarea-1_69f5185430554-description\" class=\"forminator-description\"><span data-limit=\"180\" data-type=\"characters\" data-editor=\"\">0 \/ 180<\/span><\/span><\/div><\/div><\/div><input type=\"hidden\" name=\"referer_url\" value=\"\" \/><div class=\"forminator-row forminator-row-last\"><div class=\"forminator-col\"><div class=\"forminator-field\"><button class=\"forminator-button forminator-button-submit\">Send<\/button><\/div><\/div><\/div><input type=\"hidden\" id=\"forminator_nonce\" name=\"forminator_nonce\" value=\"c84c478d0f\" \/><input type=\"hidden\" name=\"_wp_http_referer\" value=\"\/en\/wp-json\/wp\/v2\/pages\/785\" \/><input type=\"hidden\" name=\"form_id\" value=\"789\"><input type=\"hidden\" name=\"page_id\" value=\"785\"><input type=\"hidden\" name=\"form_type\" value=\"default\"><input type=\"hidden\" name=\"current_url\" value=\"https:\/\/www.micronanotech.ro\/en\/contact\/\"><input type=\"hidden\" name=\"render_id\" value=\"0\"><input type=\"hidden\" name=\"action\" value=\"forminator_submit_form_custom-forms\"><\/form>[\/vc_column_text][\/vc_column][\/vc_row][vc_row full_width=&#8221;stretch_row_content_no_spaces&#8221; css=&#8221;.vc_custom_1604481341723{margin-top: 65px !important;margin-bottom: -75px !important;}&#8221;][vc_column][vc_column_text]<style type=\"text\/css\" id=\"umsMapStyles_1_29048\">\r\n    #ultimate_maps_1_29048 {\r\n        width: 100%;\r\n        height: 450px;\r\n                border: 0px solid ;\r\n        margin: 0px;\r\n    }\r\n    #mapsControlsNum_1_29048 {\r\n        width:100%    }\r\n    .umsMapDetailsContainer#umsMapDetailsContainer_1_29048 {\r\n        height:450px;\r\n    }\r\n    .ums_MapPreview#ultimate_maps_1_29048 {\r\n        \/*position:absolute;*\/\r\n        width:100%;\r\n    }\r\n    #mapConElem_1_29048{\r\n        width:100%    }\r\n    <\/style><div class=\"ums_map_opts\" id=\"mapConElem_1_29048\" data-id=\"1\" data-view-id=\"1_29048\" > <div class=\"umsMapDetailsContainer\" id=\"umsMapDetailsContainer_1_29048\"> <i class=\"umsKMLLayersPreloader fa fa-spinner fa-spin\" aria-hidden=\"true\" style=\"display: none;\"><\/i> <div class=\"ums_MapPreview \" id=\"ultimate_maps_1_29048\"><\/div> <\/div> <div class=\"umsMapMarkerFilters\" id=\"umsMapMarkerFilters_1_29048\"> <\/div> <div class=\"umsMapProControlsCon\" id=\"umsMapProControlsCon_1_29048\"> <a title=\"Google Maps Wordpress\" style=\"display:none;\" href=\"https:\/\/supsystic.com\/plugins\/google-maps-plugin\/?utm_medium=love_link_hide\" target=\"_blank\">Google Maps Wordpress<\/a><div style=\"clear: both;\"><\/div> <\/div> <div class=\"umsMapProDirectionsCon\" id=\"umsMapProDirectionsCon_1_29048\" > <\/div> <div class=\"umsMapProKmlFilterCon\" id=\"umsMapProKmlFilterCon_1_29048\" > <\/div> <div class=\"umsSocialSharingShell umsSocialSharingShell_1_29048\"> <\/div> <div style=\"clear: both;\"><\/div> <\/div>[\/vc_column_text][\/vc_column][\/vc_row]<\/p>\n<\/div>","protected":false},"excerpt":{"rendered":"<p>[vc_row][vc_column width=&#8221;1\/3&#8243;][vc_column_text] \u00a0Contact information [\/vc_column_text][vc_separator color=&#8221;custom&#8221; accent_color=&#8221;#f3fbfe&#8221;][vc_separator color=&#8221;custom&#8221; accent_color=&#8221;#f3fbfe&#8221;][vc_separator color=&#8221;custom&#8221; accent_color=&#8221;#f3fbfe&#8221;][\/vc_column][vc_column width=&#8221;2\/3&#8243; el_class=&#8221;contact-form&#8221;][vc_column_text] CONTACT US Contact form [\/vc_column_text][vc_column_text][\/vc_column_text][\/vc_column][\/vc_row][vc_row full_width=&#8221;stretch_row_content_no_spaces&#8221; css=&#8221;.vc_custom_1604481341723{margin-top: 65px !important;margin-bottom: -75px !important;}&#8221;][vc_column][vc_column_text][\/vc_column_text][\/vc_column][\/vc_row]<\/p>\n","protected":false},"author":3,"featured_media":0,"parent":0,"menu_order":0,"comment_status":"closed","ping_status":"closed","template":"","meta":{"footnotes":""},"class_list":["post-785","page","type-page","status-publish","hentry"],"yoast_head":"<!-- This site is optimized with the Yoast SEO plugin v27.5 - https:\/\/yoast.com\/product\/yoast-seo-wordpress\/ -->\n<title>Contact - Micronanotech.ro<\/title>\n<meta name=\"description\" content=\"Acceseaz\u0103 pagina pentru a completa formularul de contact \u0219i afl\u0103 de programele de cercetare propuse care se adreseaz\u0103 dezvolt\u0103rii materialelor multifunc\u0163ionale purt\u0103toare de cunoastere\" \/>\n<meta name=\"robots\" content=\"index, follow, max-snippet:-1, max-image-preview:large, max-video-preview:-1\" \/>\n<link rel=\"canonical\" href=\"https:\/\/www.micronanotech.ro\/en\/contact\/\" \/>\n<meta property=\"og:locale\" content=\"en_US\" \/>\n<meta property=\"og:type\" content=\"article\" \/>\n<meta property=\"og:title\" content=\"Contact - Micronanotech.ro\" \/>\n<meta property=\"og:description\" content=\"Acceseaz\u0103 pagina pentru a completa formularul de contact \u0219i afl\u0103 de programele de cercetare propuse care se adreseaz\u0103 dezvolt\u0103rii materialelor multifunc\u0163ionale purt\u0103toare de cunoastere\" \/>\n<meta property=\"og:url\" content=\"https:\/\/www.micronanotech.ro\/en\/contact\/\" \/>\n<meta property=\"og:site_name\" content=\"Micronanotech\" \/>\n<meta property=\"article:modified_time\" content=\"2021-01-05T14:24:50+00:00\" \/>\n<meta property=\"og:image\" content=\"https:\/\/www.micronanotech.ro\/wp-content\/uploads\/2020\/11\/life-scientist-1.jpg\" \/>\n\t<meta property=\"og:image:width\" content=\"1200\" \/>\n\t<meta property=\"og:image:height\" content=\"771\" \/>\n\t<meta property=\"og:image:type\" content=\"image\/jpeg\" \/>\n<meta name=\"twitter:card\" content=\"summary_large_image\" \/>\n<meta name=\"twitter:label1\" content=\"Est. reading time\" \/>\n\t<meta name=\"twitter:data1\" content=\"1 minute\" \/>\n<script type=\"application\/ld+json\" class=\"yoast-schema-graph\">{\"@context\":\"https:\\\/\\\/schema.org\",\"@graph\":[{\"@type\":\"WebPage\",\"@id\":\"https:\\\/\\\/www.micronanotech.ro\\\/en\\\/contact\\\/\",\"url\":\"https:\\\/\\\/www.micronanotech.ro\\\/en\\\/contact\\\/\",\"name\":\"Contact - Micronanotech.ro\",\"isPartOf\":{\"@id\":\"https:\\\/\\\/www.micronanotech.ro\\\/#website\"},\"datePublished\":\"2020-11-02T13:25:18+00:00\",\"dateModified\":\"2021-01-05T14:24:50+00:00\",\"description\":\"Acceseaz\u0103 pagina pentru a completa formularul de contact \u0219i afl\u0103 de programele de cercetare propuse care se adreseaz\u0103 dezvolt\u0103rii materialelor multifunc\u0163ionale purt\u0103toare de cunoastere\",\"breadcrumb\":{\"@id\":\"https:\\\/\\\/www.micronanotech.ro\\\/en\\\/contact\\\/#breadcrumb\"},\"inLanguage\":\"en-US\",\"potentialAction\":[{\"@type\":\"ReadAction\",\"target\":[\"https:\\\/\\\/www.micronanotech.ro\\\/en\\\/contact\\\/\"]}]},{\"@type\":\"BreadcrumbList\",\"@id\":\"https:\\\/\\\/www.micronanotech.ro\\\/en\\\/contact\\\/#breadcrumb\",\"itemListElement\":[{\"@type\":\"ListItem\",\"position\":1,\"name\":\"Prima pagin\u0103\",\"item\":\"https:\\\/\\\/www.micronanotech.ro\\\/en\\\/\"},{\"@type\":\"ListItem\",\"position\":2,\"name\":\"Contact\"}]},{\"@type\":\"WebSite\",\"@id\":\"https:\\\/\\\/www.micronanotech.ro\\\/#website\",\"url\":\"https:\\\/\\\/www.micronanotech.ro\\\/\",\"name\":\"Micronanotech\",\"description\":\"Centrul National de Micro si Nanomateriale\",\"publisher\":{\"@id\":\"https:\\\/\\\/www.micronanotech.ro\\\/#organization\"},\"potentialAction\":[{\"@type\":\"SearchAction\",\"target\":{\"@type\":\"EntryPoint\",\"urlTemplate\":\"https:\\\/\\\/www.micronanotech.ro\\\/?s={search_term_string}\"},\"query-input\":{\"@type\":\"PropertyValueSpecification\",\"valueRequired\":true,\"valueName\":\"search_term_string\"}}],\"inLanguage\":\"en-US\"},{\"@type\":\"Organization\",\"@id\":\"https:\\\/\\\/www.micronanotech.ro\\\/#organization\",\"name\":\"Micronanotech\",\"url\":\"https:\\\/\\\/www.micronanotech.ro\\\/\",\"logo\":{\"@type\":\"ImageObject\",\"inLanguage\":\"en-US\",\"@id\":\"https:\\\/\\\/www.micronanotech.ro\\\/#\\\/schema\\\/logo\\\/image\\\/\",\"url\":\"https:\\\/\\\/www.micronanotech.ro\\\/wp-content\\\/uploads\\\/2020\\\/11\\\/logo-micro.png\",\"contentUrl\":\"https:\\\/\\\/www.micronanotech.ro\\\/wp-content\\\/uploads\\\/2020\\\/11\\\/logo-micro.png\",\"width\":274,\"height\":43,\"caption\":\"Micronanotech\"},\"image\":{\"@id\":\"https:\\\/\\\/www.micronanotech.ro\\\/#\\\/schema\\\/logo\\\/image\\\/\"}}]}<\/script>\n<!-- \/ Yoast SEO plugin. -->","yoast_head_json":{"title":"Contact - Micronanotech.ro","description":"Acceseaz\u0103 pagina pentru a completa formularul de contact \u0219i afl\u0103 de programele de cercetare propuse care se adreseaz\u0103 dezvolt\u0103rii materialelor multifunc\u0163ionale purt\u0103toare de cunoastere","robots":{"index":"index","follow":"follow","max-snippet":"max-snippet:-1","max-image-preview":"max-image-preview:large","max-video-preview":"max-video-preview:-1"},"canonical":"https:\/\/www.micronanotech.ro\/en\/contact\/","og_locale":"en_US","og_type":"article","og_title":"Contact - Micronanotech.ro","og_description":"Acceseaz\u0103 pagina pentru a completa formularul de contact \u0219i afl\u0103 de programele de cercetare propuse care se adreseaz\u0103 dezvolt\u0103rii materialelor multifunc\u0163ionale purt\u0103toare de cunoastere","og_url":"https:\/\/www.micronanotech.ro\/en\/contact\/","og_site_name":"Micronanotech","article_modified_time":"2021-01-05T14:24:50+00:00","og_image":[{"width":1200,"height":771,"url":"https:\/\/www.micronanotech.ro\/wp-content\/uploads\/2020\/11\/life-scientist-1.jpg","type":"image\/jpeg"}],"twitter_card":"summary_large_image","twitter_misc":{"Est. reading time":"1 minute"},"schema":{"@context":"https:\/\/schema.org","@graph":[{"@type":"WebPage","@id":"https:\/\/www.micronanotech.ro\/en\/contact\/","url":"https:\/\/www.micronanotech.ro\/en\/contact\/","name":"Contact - Micronanotech.ro","isPartOf":{"@id":"https:\/\/www.micronanotech.ro\/#website"},"datePublished":"2020-11-02T13:25:18+00:00","dateModified":"2021-01-05T14:24:50+00:00","description":"Acceseaz\u0103 pagina pentru a completa formularul de contact \u0219i afl\u0103 de programele de cercetare propuse care se adreseaz\u0103 dezvolt\u0103rii materialelor multifunc\u0163ionale purt\u0103toare de cunoastere","breadcrumb":{"@id":"https:\/\/www.micronanotech.ro\/en\/contact\/#breadcrumb"},"inLanguage":"en-US","potentialAction":[{"@type":"ReadAction","target":["https:\/\/www.micronanotech.ro\/en\/contact\/"]}]},{"@type":"BreadcrumbList","@id":"https:\/\/www.micronanotech.ro\/en\/contact\/#breadcrumb","itemListElement":[{"@type":"ListItem","position":1,"name":"Prima pagin\u0103","item":"https:\/\/www.micronanotech.ro\/en\/"},{"@type":"ListItem","position":2,"name":"Contact"}]},{"@type":"WebSite","@id":"https:\/\/www.micronanotech.ro\/#website","url":"https:\/\/www.micronanotech.ro\/","name":"Micronanotech","description":"Centrul National de Micro si Nanomateriale","publisher":{"@id":"https:\/\/www.micronanotech.ro\/#organization"},"potentialAction":[{"@type":"SearchAction","target":{"@type":"EntryPoint","urlTemplate":"https:\/\/www.micronanotech.ro\/?s={search_term_string}"},"query-input":{"@type":"PropertyValueSpecification","valueRequired":true,"valueName":"search_term_string"}}],"inLanguage":"en-US"},{"@type":"Organization","@id":"https:\/\/www.micronanotech.ro\/#organization","name":"Micronanotech","url":"https:\/\/www.micronanotech.ro\/","logo":{"@type":"ImageObject","inLanguage":"en-US","@id":"https:\/\/www.micronanotech.ro\/#\/schema\/logo\/image\/","url":"https:\/\/www.micronanotech.ro\/wp-content\/uploads\/2020\/11\/logo-micro.png","contentUrl":"https:\/\/www.micronanotech.ro\/wp-content\/uploads\/2020\/11\/logo-micro.png","width":274,"height":43,"caption":"Micronanotech"},"image":{"@id":"https:\/\/www.micronanotech.ro\/#\/schema\/logo\/image\/"}}]}},"_links":{"self":[{"href":"https:\/\/www.micronanotech.ro\/en\/wp-json\/wp\/v2\/pages\/785","targetHints":{"allow":["GET"]}}],"collection":[{"href":"https:\/\/www.micronanotech.ro\/en\/wp-json\/wp\/v2\/pages"}],"about":[{"href":"https:\/\/www.micronanotech.ro\/en\/wp-json\/wp\/v2\/types\/page"}],"author":[{"embeddable":true,"href":"https:\/\/www.micronanotech.ro\/en\/wp-json\/wp\/v2\/users\/3"}],"replies":[{"embeddable":true,"href":"https:\/\/www.micronanotech.ro\/en\/wp-json\/wp\/v2\/comments?post=785"}],"version-history":[{"count":3,"href":"https:\/\/www.micronanotech.ro\/en\/wp-json\/wp\/v2\/pages\/785\/revisions"}],"predecessor-version":[{"id":790,"href":"https:\/\/www.micronanotech.ro\/en\/wp-json\/wp\/v2\/pages\/785\/revisions\/790"}],"wp:attachment":[{"href":"https:\/\/www.micronanotech.ro\/en\/wp-json\/wp\/v2\/media?parent=785"}],"curies":[{"name":"wp","href":"https:\/\/api.w.org\/{rel}","templated":true}]}}